{"id":2405,"date":"2016-04-07T15:02:55","date_gmt":"2016-04-07T15:02:55","guid":{"rendered":"https:\/\/taiyangcozinhaoriental.com.br\/web\/?page_id=2405"},"modified":"2017-01-27T16:20:49","modified_gmt":"2017-01-27T16:20:49","slug":"historia","status":"publish","type":"page","link":"https:\/\/taiyangcozinhaoriental.com.br\/web\/historia\/","title":{"rendered":"HIST\u00d3RIA"},"content":{"rendered":"<p>&nbsp;<\/p>\n<p>Um novo tempo pede uma nova atitude. Ter equil\u00edbrio e harmonia em nossos atos, id\u00e9ias e at\u00e9 em nossa alimenta\u00e7\u00e3o pode ser de grande valia. E vai ao encontro da sabedoria chinesa.<\/p>\n<p>A <strong>Taiyang<\/strong> surgiu em 2009 para trazer um novo conceito oriental com um toque contempor\u00e2neo. Perfeito para uma \u00e9poca em que as pessoas est\u00e3o buscando uma vida saud\u00e1vel, sem abrir m\u00e3o do prazer.<\/p>\n<p>Esse novo conceito come\u00e7a pelo nome: <strong>TAIYANG<\/strong> &#8211; em chin\u00eas, quer dizer Sol, luz solar. Com isso trouxemos para nossos restaurantes a energia que favorece o nosso conv\u00edvio social, a alegria sempre presente no preparo da comida, assim como no atendimento diferenciado.<\/p>\n<p>Atrav\u00e9s de um PROJETO ARQUITET\u00d4NICO \u00fanico, voc\u00ea \u00e9 convidado a entrar em nossa atmosfera passando pelo nosso Portal, formado de cer\u00e2micas pintadas com os ideogramas chineses. Tudo isso ao som de m\u00fasicas especialmente selecionadas.<\/p>\n<p>A presen\u00e7a de dois GONGOS t\u00eam tamb\u00e9m um significado especial. O gongo representa a espiritualiza\u00e7\u00e3o da mat\u00e9ria, n\u00e3o \u00e9 um instrumento musical e sim uma entidade por ele mesmo, pois nele est\u00e1 contida a energia universal. O som do gongo \u00e9 o som da totalidade , o som do AUM \/ OM, ele nos tira das nossas limita\u00e7\u00f5es mentais, do pequeno, da divis\u00e3o, e nos leva para a liberta\u00e7\u00e3o do ego e o encontro com o n\u00e9ctar divino. As vezes ele nos incomoda dependendo dos nossos bloqueios, mas conforme vamos nos libertando do nosso ego e permitindo que o som penetre, desbloqueamos nossos chakras e removemos tra\u00e7os emocionais de karmas recorrentes. O som do gongo nos leva a um estado de turya (meditativo), ele nos tira da caixa, das nossas limita\u00e7\u00f5es, nos levando para akasha ou mundo imaterial, mundo et\u00e9rico. (extra\u00eddo do site: www.yogabrasil.com\/)<\/p>\n<p>&#8220;Venha nos conhecer. Voc\u00ea vai sentir a diferen\u00e7a.<br \/>\nTaiyang &#8211; O saud\u00e1vel equilibrio da arte milenar&#8221;<\/p>\n<p>&nbsp;<\/p>\n<p>&nbsp;<\/p>\n","protected":false},"excerpt":{"rendered":"<p>&nbsp; Um novo tempo pede uma nova atitude. Ter equil\u00edbrio e harmonia em nossos atos, id\u00e9ias e at\u00e9 em nossa alimenta\u00e7\u00e3o pode ser de grande valia. [&hellip;]<\/p>\n","protected":false},"author":1,"featured_media":2403,"parent":0,"menu_order":0,"comment_status":"closed","ping_status":"closed","template":"","meta":[],"_links":{"self":[{"href":"https:\/\/taiyangcozinhaoriental.com.br\/web\/wp-json\/wp\/v2\/pages\/2405"}],"collection":[{"href":"https:\/\/taiyangcozinhaoriental.com.br\/web\/wp-json\/wp\/v2\/pages"}],"about":[{"href":"https:\/\/taiyangcozinhaoriental.com.br\/web\/wp-json\/wp\/v2\/types\/page"}],"author":[{"embeddable":true,"href":"https:\/\/taiyangcozinhaoriental.com.br\/web\/wp-json\/wp\/v2\/users\/1"}],"replies":[{"embeddable":true,"href":"https:\/\/taiyangcozinhaoriental.com.br\/web\/wp-json\/wp\/v2\/comments?post=2405"}],"version-history":[{"count":3,"href":"https:\/\/taiyangcozinhaoriental.com.br\/web\/wp-json\/wp\/v2\/pages\/2405\/revisions"}],"predecessor-version":[{"id":2531,"href":"https:\/\/taiyangcozinhaoriental.com.br\/web\/wp-json\/wp\/v2\/pages\/2405\/revisions\/2531"}],"wp:featuredmedia":[{"embeddable":true,"href":"https:\/\/taiyangcozinhaoriental.com.br\/web\/wp-json\/wp\/v2\/media\/2403"}],"wp:attachment":[{"href":"https:\/\/taiyangcozinhaoriental.com.br\/web\/wp-json\/wp\/v2\/media?parent=2405"}],"curies":[{"name":"wp","href":"https:\/\/api.w.org\/{rel}","templated":true}]}}