{"id":2436,"date":"2016-04-07T18:11:29","date_gmt":"2016-04-07T18:11:29","guid":{"rendered":"https:\/\/taiyangcozinhaoriental.com.br\/web\/?page_id=2436"},"modified":"2016-04-08T01:53:45","modified_gmt":"2016-04-08T01:53:45","slug":"massas","status":"publish","type":"page","link":"https:\/\/taiyangcozinhaoriental.com.br\/web\/cardapio\/massas\/","title":{"rendered":"MASSAS"},"content":{"rendered":"<h1>MASSAS<\/h1>\n<h4><strong>Lo-mein de Porco<\/strong><\/h4>\n<p>Macarr\u00e3o, Lombo de porco, Cebola, Piment\u00e3o verde e vermelho, Cenoura e Molho especial<\/p>\n<h4><strong>Chow-mein Chicken <\/strong><\/h4>\n<p>Macarr\u00e3o, Peito de Frango desfiado, Alho, Piment\u00e3o verde e vermelho, Cogumelo, Cebolinha e Molho especial<\/p>\n<h4><strong>Mai-tai (macarr\u00e3o com carne desfiada) <\/strong><\/h4>\n<p>Macarr\u00e3o, Carne bovina, Piment\u00e3o verde e vermelho, Cenoura e Molho especial<\/p>\n<h4><strong>Singapura <\/strong><\/h4>\n<p>Macarr\u00e3o de arroz, Frango, Br\u00f3colis, Cenoura, Couve-flor, Gengibre e Molho curry<\/p>\n<h4><strong>Yakisoba Tradicional<\/strong><\/h4>\n<p>Macarr\u00e3o, Carne bovina, Frango, Acelga, Repolho, Br\u00f3colis, Cenoura, Molho especial<\/p>\n<h4><strong>Yakisoba de Frango <\/strong><\/h4>\n<p>Macarr\u00e3o, Frango, Acelga, Repolho, Br\u00f3colis, Cenoura e Molho especial<\/p>\n<h4><strong>Yakisoba de Carne <\/strong><\/h4>\n<p>Macarr\u00e3o, Carne bovina, Acelga, Repolho, Br\u00f3colis, Cenoura e Molho especial<\/p>\n<h4><strong>Yakisoba Vegetariano <\/strong><\/h4>\n<p>Macarr\u00e3o, Acelga, Repolho, Br\u00f3colis, Cenoura e Molho especial<\/p>\n<h4><strong>Yakissoba ao Pesto de camar\u00e3o<\/strong><\/h4>\n<p>Macarr\u00e3o, Camar\u00e3o\u00a0e Molho especial<\/p>\n<h4><\/h4>\n","protected":false},"excerpt":{"rendered":"<p>MASSAS Lo-mein de Porco Macarr\u00e3o, Lombo de porco, Cebola, Piment\u00e3o verde e vermelho, Cenoura e Molho especial Chow-mein Chicken Macarr\u00e3o, Peito de Frango desfiado, Alho, Piment\u00e3o [&hellip;]<\/p>\n","protected":false},"author":1,"featured_media":2403,"parent":2338,"menu_order":0,"comment_status":"closed","ping_status":"closed","template":"","meta":[],"_links":{"self":[{"href":"https:\/\/taiyangcozinhaoriental.com.br\/web\/wp-json\/wp\/v2\/pages\/2436"}],"collection":[{"href":"https:\/\/taiyangcozinhaoriental.com.br\/web\/wp-json\/wp\/v2\/pages"}],"about":[{"href":"https:\/\/taiyangcozinhaoriental.com.br\/web\/wp-json\/wp\/v2\/types\/page"}],"author":[{"embeddable":true,"href":"https:\/\/taiyangcozinhaoriental.com.br\/web\/wp-json\/wp\/v2\/users\/1"}],"replies":[{"embeddable":true,"href":"https:\/\/taiyangcozinhaoriental.com.br\/web\/wp-json\/wp\/v2\/comments?post=2436"}],"version-history":[{"count":4,"href":"https:\/\/taiyangcozinhaoriental.com.br\/web\/wp-json\/wp\/v2\/pages\/2436\/revisions"}],"predecessor-version":[{"id":2526,"href":"https:\/\/taiyangcozinhaoriental.com.br\/web\/wp-json\/wp\/v2\/pages\/2436\/revisions\/2526"}],"up":[{"embeddable":true,"href":"https:\/\/taiyangcozinhaoriental.com.br\/web\/wp-json\/wp\/v2\/pages\/2338"}],"wp:featuredmedia":[{"embeddable":true,"href":"https:\/\/taiyangcozinhaoriental.com.br\/web\/wp-json\/wp\/v2\/media\/2403"}],"wp:attachment":[{"href":"https:\/\/taiyangcozinhaoriental.com.br\/web\/wp-json\/wp\/v2\/media?parent=2436"}],"curies":[{"name":"wp","href":"https:\/\/api.w.org\/{rel}","templated":true}]}}